{"id":144,"date":"2024-08-08T12:22:08","date_gmt":"2024-08-08T10:22:08","guid":{"rendered":"https:\/\/barrek.eu\/?page_id=144"},"modified":"2025-07-30T22:39:51","modified_gmt":"2025-07-30T20:39:51","slug":"o-nama","status":"publish","type":"page","link":"https:\/\/barrek.eu\/hr\/o-nama\/","title":{"rendered":"O nama"},"content":{"rendered":"\t\t<div data-elementor-type=\"wp-page\" data-elementor-id=\"144\" class=\"elementor elementor-144\" data-elementor-post-type=\"page\">\n\t\t\t\t<div class=\"elementor-element elementor-element-d44133b e-flex e-con-boxed e-con e-parent\" data-id=\"d44133b\" data-element_type=\"container\" data-e-type=\"container\">\n\t\t\t\t\t<div class=\"e-con-inner\">\n\t\t<div class=\"elementor-element elementor-element-07c1d8d e-con-full e-flex e-con e-child\" data-id=\"07c1d8d\" data-element_type=\"container\" data-e-type=\"container\">\n\t\t\t\t<div class=\"elementor-element elementor-element-3de6fb0 elementor-widget elementor-widget-text-editor\" data-id=\"3de6fb0\" data-element_type=\"widget\" data-e-type=\"widget\" data-widget_type=\"text-editor.default\">\n\t\t\t\t<div class=\"elementor-widget-container\">\n\t\t\t\t\t\t\t\t\t<p>O NAMA<\/p>\t\t\t\t\t\t\t\t<\/div>\n\t\t\t\t<\/div>\n\t\t\t\t<\/div>\n\t\t<div class=\"elementor-element elementor-element-54c3eb8 e-con-full e-flex e-con e-child\" data-id=\"54c3eb8\" data-element_type=\"container\" data-e-type=\"container\">\n\t\t\t\t<div class=\"elementor-element elementor-element-15d677a elementor-widget elementor-widget-text-editor\" data-id=\"15d677a\" data-element_type=\"widget\" data-e-type=\"widget\" data-widget_type=\"text-editor.default\">\n\t\t\t\t<div class=\"elementor-widget-container\">\n\t\t\t\t\t\t\t\t\t<p>Po\u010dev\u0161i poslovanje 2017. godine kao digitalna agencija, BARREK Group je napredovao u konzultantsku tvrtku specijaliziranu za IT i digitalni marketing. Na\u0161a ponuda obuhva\u0107a izradu mobilnih i web aplikacija, kao i marketin\u0161ke kampanje prilago\u0111ene odabranim ciljnim skupinama klju\u010dnim za na\u0161e klijente. Pru\u017eamo stru\u010dno vo\u0111enje dru\u0161tvenih mre\u017ea, kreiramo dosljedan sadr\u017eaj te vodimo Google Ads kampanje i ogla\u0161avanje na profesionalnoj razini. I dalje gajimo ljubav prema razvoju web stranica i trgovina, uz pru\u017eanje SEO optimizacije kako bi rje\u0161enja imala dugoro\u010dni smisao i donosila klijentima odr\u017eive rezultate.<\/p>\t\t\t\t\t\t\t\t<\/div>\n\t\t\t\t<\/div>\n\t\t\t\t<\/div>\n\t\t<div class=\"elementor-element elementor-element-65a9471 e-con-full e-flex e-con e-child\" data-id=\"65a9471\" data-element_type=\"container\" data-e-type=\"container\">\n\t\t\t\t<div class=\"elementor-element elementor-element-e29f081 elementor-widget elementor-widget-image\" data-id=\"e29f081\" data-element_type=\"widget\" data-e-type=\"widget\" data-widget_type=\"image.default\">\n\t\t\t\t<div class=\"elementor-widget-container\">\n\t\t\t\t\t\t\t\t\t\t\t\t\t\t\t<img fetchpriority=\"high\" decoding=\"async\" width=\"1920\" height=\"540\" src=\"https:\/\/barrek.eu\/wp-content\/uploads\/2024\/08\/9.png\" class=\"attachment-full size-full wp-image-146\" alt=\"BARREK Group\" srcset=\"https:\/\/barrek.eu\/wp-content\/uploads\/2024\/08\/9.png 1920w, https:\/\/barrek.eu\/wp-content\/uploads\/2024\/08\/9-300x84.png 300w, https:\/\/barrek.eu\/wp-content\/uploads\/2024\/08\/9-1024x288.png 1024w, https:\/\/barrek.eu\/wp-content\/uploads\/2024\/08\/9-768x216.png 768w, https:\/\/barrek.eu\/wp-content\/uploads\/2024\/08\/9-1536x432.png 1536w\" sizes=\"(max-width: 1920px) 100vw, 1920px\" \/>\t\t\t\t\t\t\t\t\t\t\t\t\t\t\t<\/div>\n\t\t\t\t<\/div>\n\t\t\t\t<\/div>\n\t\t<div class=\"elementor-element elementor-element-b7f4643 e-con-full e-flex e-con e-child\" data-id=\"b7f4643\" data-element_type=\"container\" data-e-type=\"container\">\n\t\t\t\t<div class=\"elementor-element elementor-element-4f45838 elementor-widget elementor-widget-text-editor\" data-id=\"4f45838\" data-element_type=\"widget\" data-e-type=\"widget\" data-widget_type=\"text-editor.default\">\n\t\t\t\t<div class=\"elementor-widget-container\">\n\t\t\t\t\t\t\t\t\t<p>Na\u0161 tim \u010dine stru\u010dnjaci s iskustvom rada na projektima razli\u010ditih vrsta (u obrazovanju, zapo\u0161ljavanju, upravljanju ljudskim resursima, u programiranju i razvoju, ogla\u0161avanju i marketingu,&nbsp; &nbsp;\u2026).&nbsp;<span style=\"color: var( --e-global-color-text ); font-family: var( --e-global-typography-text-font-family ), Sans-serif; font-weight: var( --e-global-typography-text-font-weight ); text-align: var(--text-align); font-size: 1rem;\">Okupljamo <\/span><strong style=\"color: var( --e-global-color-text ); font-family: var( --e-global-typography-text-font-family ), Sans-serif; text-align: var(--text-align); font-size: 1rem;\">vrhunske programere<\/strong><span style=\"color: var( --e-global-color-text ); font-family: var( --e-global-typography-text-font-family ), Sans-serif; font-weight: var( --e-global-typography-text-font-weight ); text-align: var(--text-align); font-size: 1rem;\">, <\/span><strong style=\"color: var( --e-global-color-text ); font-family: var( --e-global-typography-text-font-family ), Sans-serif; text-align: var(--text-align); font-size: 1rem;\">dizajnere<\/strong><span style=\"color: var( --e-global-color-text ); font-family: var( --e-global-typography-text-font-family ), Sans-serif; font-weight: var( --e-global-typography-text-font-weight ); text-align: var(--text-align); font-size: 1rem;\">, <\/span><strong style=\"color: var( --e-global-color-text ); font-family: var( --e-global-typography-text-font-family ), Sans-serif; text-align: var(--text-align); font-size: 1rem;\">marketin\u0161ke stru\u010dnjake<\/strong><span style=\"color: var( --e-global-color-text ); font-family: var( --e-global-typography-text-font-family ), Sans-serif; font-weight: var( --e-global-typography-text-font-weight ); text-align: var(--text-align); font-size: 1rem;\"> i <\/span><strong style=\"color: var( --e-global-color-text ); font-family: var( --e-global-typography-text-font-family ), Sans-serif; text-align: var(--text-align); font-size: 1rem;\">projektne menad\u017eere<\/strong><span style=\"color: var( --e-global-color-text ); font-family: var( --e-global-typography-text-font-family ), Sans-serif; font-weight: var( --e-global-typography-text-font-weight ); text-align: var(--text-align); font-size: 1rem;\"> koji su posve\u0107eni pru\u017eanju vrhunskih usluga na\u0161im klijentima i korisnicima.<\/span><\/p>\n<p>Kontinuiranom edukacijom na\u0161 tim ostaje u koraku s najnovijim tehnologijama i trendovima, a uz me\u0111usobnu podr\u0161ku i suradnju te\u017eimo ostvarivanju izvrsnosti u svakom projektu.<\/p>\t\t\t\t\t\t\t\t<\/div>\n\t\t\t\t<\/div>\n\t\t\t\t<\/div>\n\t\t\t\t\t<\/div>\n\t\t\t\t<\/div>\n\t\t<div class=\"elementor-element elementor-element-508e29e e-flex e-con-boxed e-con e-parent\" data-id=\"508e29e\" data-element_type=\"container\" data-e-type=\"container\" id=\"contact\">\n\t\t\t\t\t<div class=\"e-con-inner\">\n\t\t<div class=\"elementor-element elementor-element-5294826 e-con-full e-flex e-con e-child\" data-id=\"5294826\" data-element_type=\"container\" data-e-type=\"container\">\n\t\t\t\t<div class=\"elementor-element elementor-element-0580582 elementor-widget elementor-widget-heading\" data-id=\"0580582\" data-element_type=\"widget\" data-e-type=\"widget\" data-widget_type=\"heading.default\">\n\t\t\t\t<div class=\"elementor-widget-container\">\n\t\t\t\t\t<h4 class=\"elementor-heading-title elementor-size-default\">NA\u0160I PODACI<\/h4>\t\t\t\t<\/div>\n\t\t\t\t<\/div>\n\t\t\t\t<div class=\"elementor-element elementor-element-374919d elementor-widget elementor-widget-text-editor\" data-id=\"374919d\" data-element_type=\"widget\" data-e-type=\"widget\" data-widget_type=\"text-editor.default\">\n\t\t\t\t<div class=\"elementor-widget-container\">\n\t\t\t\t\t\t\t\t\t<p>BARREK d.o.o.<br \/>Ulica Vjekoslava Heinzela 60<br \/>10000 Zagreb<br \/>Hrvatska<\/p><p>OIB: 01726613039<br \/>MBS: 081309566<\/p><p>IBAN: HR1623600001102867869<br \/>SWIFT: ZABAHR2X<br \/>Banka: Zagreba\u010dka banka d.d.<\/p><p>E-mail: info@barrek.eu<\/p>\t\t\t\t\t\t\t\t<\/div>\n\t\t\t\t<\/div>\n\t\t\t\t<\/div>\n\t\t<div class=\"elementor-element elementor-element-ed50cfd e-con-full e-flex e-con e-child\" data-id=\"ed50cfd\" data-element_type=\"container\" data-e-type=\"container\">\n\t\t\t\t<div class=\"elementor-element elementor-element-15174d1 elementor-widget elementor-widget-heading\" data-id=\"15174d1\" data-element_type=\"widget\" data-e-type=\"widget\" data-widget_type=\"heading.default\">\n\t\t\t\t<div class=\"elementor-widget-container\">\n\t\t\t\t\t<h4 class=\"elementor-heading-title elementor-size-default\">KONTAKT<\/h4>\t\t\t\t<\/div>\n\t\t\t\t<\/div>\n\t\t\t\t<div class=\"elementor-element elementor-element-41e6b0b elementor-button-align-stretch elementor-widget elementor-widget-form\" data-id=\"41e6b0b\" data-element_type=\"widget\" data-e-type=\"widget\" data-settings=\"{&quot;step_next_label&quot;:&quot;Next&quot;,&quot;step_previous_label&quot;:&quot;Previous&quot;,&quot;button_width&quot;:&quot;100&quot;,&quot;step_type&quot;:&quot;number_text&quot;,&quot;step_icon_shape&quot;:&quot;circle&quot;}\" data-widget_type=\"form.default\">\n\t\t\t\t<div class=\"elementor-widget-container\">\n\t\t\t\t\t\t\t<form class=\"elementor-form\" method=\"post\" name=\"Kontakt\" aria-label=\"Kontakt\">\n\t\t\t<input type=\"hidden\" name=\"post_id\" value=\"144\"\/>\n\t\t\t<input type=\"hidden\" name=\"form_id\" value=\"41e6b0b\"\/>\n\t\t\t<input type=\"hidden\" name=\"referer_title\" value=\"O nama - BARREK Group\" \/>\n\n\t\t\t\t\t\t\t<input type=\"hidden\" name=\"queried_id\" value=\"144\"\/>\n\t\t\t\n\t\t\t<div class=\"elementor-form-fields-wrapper elementor-labels-above\">\n\t\t\t\t\t\t\t\t<div class=\"elementor-field-type-text elementor-field-group elementor-column elementor-field-group-ime elementor-col-100 elementor-field-required elementor-mark-required\">\n\t\t\t\t\t\t\t\t\t\t\t\t<label for=\"form-field-ime\" class=\"elementor-field-label\">\n\t\t\t\t\t\t\t\tIme\t\t\t\t\t\t\t<\/label>\n\t\t\t\t\t\t\t\t\t\t\t\t\t\t<input size=\"1\" type=\"text\" name=\"form_fields[ime]\" id=\"form-field-ime\" class=\"elementor-field elementor-size-sm  elementor-field-textual\" placeholder=\"Ime\" required=\"required\">\n\t\t\t\t\t\t\t\t\t\t\t<\/div>\n\t\t\t\t\t\t\t\t<div class=\"elementor-field-type-email elementor-field-group elementor-column elementor-field-group-email elementor-col-100 elementor-field-required elementor-mark-required\">\n\t\t\t\t\t\t\t\t\t\t\t\t<label for=\"form-field-email\" class=\"elementor-field-label\">\n\t\t\t\t\t\t\t\tE-mail\t\t\t\t\t\t\t<\/label>\n\t\t\t\t\t\t\t\t\t\t\t\t\t\t<input size=\"1\" type=\"email\" name=\"form_fields[email]\" id=\"form-field-email\" class=\"elementor-field elementor-size-sm  elementor-field-textual\" placeholder=\"E-mail\" required=\"required\">\n\t\t\t\t\t\t\t\t\t\t\t<\/div>\n\t\t\t\t\t\t\t\t<div class=\"elementor-field-type-textarea elementor-field-group elementor-column elementor-field-group-poruka elementor-col-100 elementor-field-required elementor-mark-required\">\n\t\t\t\t\t\t\t\t\t\t\t\t<label for=\"form-field-poruka\" class=\"elementor-field-label\">\n\t\t\t\t\t\t\t\tPoruka\t\t\t\t\t\t\t<\/label>\n\t\t\t\t\t\t<textarea class=\"elementor-field-textual elementor-field  elementor-size-sm\" name=\"form_fields[poruka]\" id=\"form-field-poruka\" rows=\"4\" placeholder=\"Poruka\" required=\"required\"><\/textarea>\t\t\t\t<\/div>\n\t\t\t\t\t\t\t\t<div class=\"elementor-field-type-acceptance elementor-field-group elementor-column elementor-field-group-privola elementor-col-100 elementor-field-required elementor-mark-required\">\n\t\t\t\t\t\t\t<div class=\"elementor-field-subgroup\">\n\t\t\t<span class=\"elementor-field-option\">\n\t\t\t\t<input type=\"checkbox\" name=\"form_fields[privola]\" id=\"form-field-privola\" class=\"elementor-field elementor-size-sm  elementor-acceptance-field\" required=\"required\">\n\t\t\t\t<label for=\"form-field-privola\">Pro\u010ditao sam i prihva\u0107am Politiku privatnosti.<\/label>\t\t\t<\/span>\n\t\t<\/div>\n\t\t\t\t\t\t<\/div>\n\t\t\t\t\t\t\t\t<div class=\"elementor-field-type-recaptcha_v3 elementor-field-group elementor-column elementor-field-group-recaptcha elementor-col-100 recaptcha_v3-bottomright\">\n\t\t\t\t\t<div class=\"elementor-field\" id=\"form-field-recaptcha\"><div class=\"elementor-g-recaptcha\" data-sitekey=\"6Ldj6yIqAAAAAOXbgutnP3X4TbvPf-Clw6GNpXt3\" data-type=\"v3\" data-action=\"Form\" data-badge=\"bottomright\" data-size=\"invisible\"><\/div><\/div>\t\t\t\t<\/div>\n\t\t\t\t\t\t\t\t<div class=\"elementor-field-group elementor-column elementor-field-type-submit elementor-col-100 e-form__buttons\">\n\t\t\t\t\t<button class=\"elementor-button elementor-size-sm\" type=\"submit\">\n\t\t\t\t\t\t<span class=\"elementor-button-content-wrapper\">\n\t\t\t\t\t\t\t\t\t\t\t\t\t\t\t\t\t\t\t\t\t\t<span class=\"elementor-button-text\">Po\u0161alji<\/span>\n\t\t\t\t\t\t\t\t\t\t\t\t\t<\/span>\n\t\t\t\t\t<\/button>\n\t\t\t\t<\/div>\n\t\t\t<\/div>\n\t\t<\/form>\n\t\t\t\t\t\t<\/div>\n\t\t\t\t<\/div>\n\t\t\t\t<\/div>\n\t\t\t\t\t<\/div>\n\t\t\t\t<\/div>\n\t\t\t\t<\/div>\n\t\t","protected":false},"excerpt":{"rendered":"<p>O NAMA Po\u010dev\u0161i poslovanje 2017. godine kao digitalna agencija, BARREK Group je napredovao u konzultantsku tvrtku specijaliziranu za IT i digitalni marketing. Na\u0161a ponuda obuhva\u0107a izradu mobilnih i web aplikacija, kao i marketin\u0161ke kampanje prilago\u0111ene odabranim ciljnim skupinama klju\u010dnim za na\u0161e klijente. Pru\u017eamo stru\u010dno vo\u0111enje dru\u0161tvenih mre\u017ea, kreiramo dosljedan sadr\u017eaj te vodimo Google Ads kampanje [&hellip;]<\/p>\n","protected":false},"author":1,"featured_media":0,"parent":0,"menu_order":0,"comment_status":"closed","ping_status":"closed","template":"","meta":{"footnotes":""},"class_list":["post-144","page","type-page","status-publish","hentry"],"yoast_head":"<!-- This site is optimized with the Yoast SEO plugin v27.2 - https:\/\/yoast.com\/product\/yoast-seo-wordpress\/ -->\n<title>O nama - BARREK Group<\/title>\n<meta name=\"description\" content=\"Po\u010dev\u0161i poslovanje kao digitalna agencija, BARREK Group je napredovao u konzultantsku tvrtku specijaliziranu za IT i digitalni marketing.\" \/>\n<meta name=\"robots\" content=\"index, follow, max-snippet:-1, max-image-preview:large, max-video-preview:-1\" \/>\n<link rel=\"canonical\" href=\"https:\/\/barrek.eu\/hr\/o-nama\/\" \/>\n<meta property=\"og:locale\" content=\"hr_HR\" \/>\n<meta property=\"og:type\" content=\"article\" \/>\n<meta property=\"og:title\" content=\"O nama - BARREK Group\" \/>\n<meta property=\"og:description\" content=\"Po\u010dev\u0161i poslovanje kao digitalna agencija, BARREK Group je napredovao u konzultantsku tvrtku specijaliziranu za IT i digitalni marketing.\" \/>\n<meta property=\"og:url\" content=\"https:\/\/barrek.eu\/hr\/o-nama\/\" \/>\n<meta property=\"og:site_name\" content=\"BARREK Group\" \/>\n<meta property=\"article:modified_time\" content=\"2025-07-30T20:39:51+00:00\" \/>\n<meta property=\"og:image\" content=\"https:\/\/barrek.eu\/wp-content\/uploads\/2024\/09\/barrek-logo-seo.png\" \/>\n\t<meta property=\"og:image:width\" content=\"1600\" \/>\n\t<meta property=\"og:image:height\" content=\"900\" \/>\n\t<meta property=\"og:image:type\" content=\"image\/png\" \/>\n<meta name=\"twitter:card\" content=\"summary_large_image\" \/>\n<meta name=\"twitter:title\" content=\"O nama - BARREK Group\" \/>\n<meta name=\"twitter:description\" content=\"Po\u010dev\u0161i poslovanje kao digitalna agencija, BARREK Group je napredovao u konzultantsku tvrtku specijaliziranu za IT i digitalni marketing.\" \/>\n<meta name=\"twitter:image\" content=\"https:\/\/barrek.eu\/wp-content\/uploads\/2024\/09\/barrek-logo-seo.png\" \/>\n<meta name=\"twitter:label1\" content=\"Procijenjeno vrijeme \u010ditanja\" \/>\n\t<meta name=\"twitter:data1\" content=\"2 minute\" \/>\n<script type=\"application\/ld+json\" class=\"yoast-schema-graph\">{\"@context\":\"https:\/\/schema.org\",\"@graph\":[{\"@type\":\"WebPage\",\"@id\":\"https:\/\/barrek.eu\/hr\/o-nama\/\",\"url\":\"https:\/\/barrek.eu\/hr\/o-nama\/\",\"name\":\"O nama - BARREK Group\",\"isPartOf\":{\"@id\":\"https:\/\/barrek.eu\/hr\/#website\"},\"primaryImageOfPage\":{\"@id\":\"https:\/\/barrek.eu\/hr\/o-nama\/#primaryimage\"},\"image\":{\"@id\":\"https:\/\/barrek.eu\/hr\/o-nama\/#primaryimage\"},\"thumbnailUrl\":\"https:\/\/barrek.eu\/wp-content\/uploads\/2024\/08\/9.png\",\"datePublished\":\"2024-08-08T10:22:08+00:00\",\"dateModified\":\"2025-07-30T20:39:51+00:00\",\"description\":\"Po\u010dev\u0161i poslovanje kao digitalna agencija, BARREK Group je napredovao u konzultantsku tvrtku specijaliziranu za IT i digitalni marketing.\",\"breadcrumb\":{\"@id\":\"https:\/\/barrek.eu\/hr\/o-nama\/#breadcrumb\"},\"inLanguage\":\"hr\",\"potentialAction\":[{\"@type\":\"ReadAction\",\"target\":[\"https:\/\/barrek.eu\/hr\/o-nama\/\"]}]},{\"@type\":\"ImageObject\",\"inLanguage\":\"hr\",\"@id\":\"https:\/\/barrek.eu\/hr\/o-nama\/#primaryimage\",\"url\":\"https:\/\/barrek.eu\/wp-content\/uploads\/2024\/08\/9.png\",\"contentUrl\":\"https:\/\/barrek.eu\/wp-content\/uploads\/2024\/08\/9.png\"},{\"@type\":\"BreadcrumbList\",\"@id\":\"https:\/\/barrek.eu\/hr\/o-nama\/#breadcrumb\",\"itemListElement\":[{\"@type\":\"ListItem\",\"position\":1,\"name\":\"Po\u010detna stranica\",\"item\":\"https:\/\/barrek.eu\/hr\/\"},{\"@type\":\"ListItem\",\"position\":2,\"name\":\"O nama\"}]},{\"@type\":\"WebSite\",\"@id\":\"https:\/\/barrek.eu\/hr\/#website\",\"url\":\"https:\/\/barrek.eu\/hr\/\",\"name\":\"BARREK Group\",\"description\":\"Success begins with us.\",\"publisher\":{\"@id\":\"https:\/\/barrek.eu\/hr\/#organization\"},\"potentialAction\":[{\"@type\":\"SearchAction\",\"target\":{\"@type\":\"EntryPoint\",\"urlTemplate\":\"https:\/\/barrek.eu\/hr\/?s={search_term_string}\"},\"query-input\":{\"@type\":\"PropertyValueSpecification\",\"valueRequired\":true,\"valueName\":\"search_term_string\"}}],\"inLanguage\":\"hr\"},{\"@type\":\"Organization\",\"@id\":\"https:\/\/barrek.eu\/hr\/#organization\",\"name\":\"BARREK Group\",\"url\":\"https:\/\/barrek.eu\/hr\/\",\"logo\":{\"@type\":\"ImageObject\",\"inLanguage\":\"hr\",\"@id\":\"https:\/\/barrek.eu\/hr\/#\/schema\/logo\/image\/\",\"url\":\"https:\/\/barrek.eu\/wp-content\/uploads\/2024\/08\/BARREK-Group-logo.png\",\"contentUrl\":\"https:\/\/barrek.eu\/wp-content\/uploads\/2024\/08\/BARREK-Group-logo.png\",\"width\":862,\"height\":322,\"caption\":\"BARREK Group\"},\"image\":{\"@id\":\"https:\/\/barrek.eu\/hr\/#\/schema\/logo\/image\/\"}}]}<\/script>\n<!-- \/ Yoast SEO plugin. -->","yoast_head_json":{"title":"O nama - BARREK Group","description":"Po\u010dev\u0161i poslovanje kao digitalna agencija, BARREK Group je napredovao u konzultantsku tvrtku specijaliziranu za IT i digitalni marketing.","robots":{"index":"index","follow":"follow","max-snippet":"max-snippet:-1","max-image-preview":"max-image-preview:large","max-video-preview":"max-video-preview:-1"},"canonical":"https:\/\/barrek.eu\/hr\/o-nama\/","og_locale":"hr_HR","og_type":"article","og_title":"O nama - BARREK Group","og_description":"Po\u010dev\u0161i poslovanje kao digitalna agencija, BARREK Group je napredovao u konzultantsku tvrtku specijaliziranu za IT i digitalni marketing.","og_url":"https:\/\/barrek.eu\/hr\/o-nama\/","og_site_name":"BARREK Group","article_modified_time":"2025-07-30T20:39:51+00:00","og_image":[{"width":1600,"height":900,"url":"https:\/\/barrek.eu\/wp-content\/uploads\/2024\/09\/barrek-logo-seo.png","type":"image\/png"}],"twitter_card":"summary_large_image","twitter_title":"O nama - BARREK Group","twitter_description":"Po\u010dev\u0161i poslovanje kao digitalna agencija, BARREK Group je napredovao u konzultantsku tvrtku specijaliziranu za IT i digitalni marketing.","twitter_image":"https:\/\/barrek.eu\/wp-content\/uploads\/2024\/09\/barrek-logo-seo.png","twitter_misc":{"Procijenjeno vrijeme \u010ditanja":"2 minute"},"schema":{"@context":"https:\/\/schema.org","@graph":[{"@type":"WebPage","@id":"https:\/\/barrek.eu\/hr\/o-nama\/","url":"https:\/\/barrek.eu\/hr\/o-nama\/","name":"O nama - BARREK Group","isPartOf":{"@id":"https:\/\/barrek.eu\/hr\/#website"},"primaryImageOfPage":{"@id":"https:\/\/barrek.eu\/hr\/o-nama\/#primaryimage"},"image":{"@id":"https:\/\/barrek.eu\/hr\/o-nama\/#primaryimage"},"thumbnailUrl":"https:\/\/barrek.eu\/wp-content\/uploads\/2024\/08\/9.png","datePublished":"2024-08-08T10:22:08+00:00","dateModified":"2025-07-30T20:39:51+00:00","description":"Po\u010dev\u0161i poslovanje kao digitalna agencija, BARREK Group je napredovao u konzultantsku tvrtku specijaliziranu za IT i digitalni marketing.","breadcrumb":{"@id":"https:\/\/barrek.eu\/hr\/o-nama\/#breadcrumb"},"inLanguage":"hr","potentialAction":[{"@type":"ReadAction","target":["https:\/\/barrek.eu\/hr\/o-nama\/"]}]},{"@type":"ImageObject","inLanguage":"hr","@id":"https:\/\/barrek.eu\/hr\/o-nama\/#primaryimage","url":"https:\/\/barrek.eu\/wp-content\/uploads\/2024\/08\/9.png","contentUrl":"https:\/\/barrek.eu\/wp-content\/uploads\/2024\/08\/9.png"},{"@type":"BreadcrumbList","@id":"https:\/\/barrek.eu\/hr\/o-nama\/#breadcrumb","itemListElement":[{"@type":"ListItem","position":1,"name":"Po\u010detna stranica","item":"https:\/\/barrek.eu\/hr\/"},{"@type":"ListItem","position":2,"name":"O nama"}]},{"@type":"WebSite","@id":"https:\/\/barrek.eu\/hr\/#website","url":"https:\/\/barrek.eu\/hr\/","name":"BARREK Group","description":"Success begins with us.","publisher":{"@id":"https:\/\/barrek.eu\/hr\/#organization"},"potentialAction":[{"@type":"SearchAction","target":{"@type":"EntryPoint","urlTemplate":"https:\/\/barrek.eu\/hr\/?s={search_term_string}"},"query-input":{"@type":"PropertyValueSpecification","valueRequired":true,"valueName":"search_term_string"}}],"inLanguage":"hr"},{"@type":"Organization","@id":"https:\/\/barrek.eu\/hr\/#organization","name":"BARREK Group","url":"https:\/\/barrek.eu\/hr\/","logo":{"@type":"ImageObject","inLanguage":"hr","@id":"https:\/\/barrek.eu\/hr\/#\/schema\/logo\/image\/","url":"https:\/\/barrek.eu\/wp-content\/uploads\/2024\/08\/BARREK-Group-logo.png","contentUrl":"https:\/\/barrek.eu\/wp-content\/uploads\/2024\/08\/BARREK-Group-logo.png","width":862,"height":322,"caption":"BARREK Group"},"image":{"@id":"https:\/\/barrek.eu\/hr\/#\/schema\/logo\/image\/"}}]}},"_links":{"self":[{"href":"https:\/\/barrek.eu\/hr\/wp-json\/wp\/v2\/pages\/144","targetHints":{"allow":["GET"]}}],"collection":[{"href":"https:\/\/barrek.eu\/hr\/wp-json\/wp\/v2\/pages"}],"about":[{"href":"https:\/\/barrek.eu\/hr\/wp-json\/wp\/v2\/types\/page"}],"author":[{"embeddable":true,"href":"https:\/\/barrek.eu\/hr\/wp-json\/wp\/v2\/users\/1"}],"replies":[{"embeddable":true,"href":"https:\/\/barrek.eu\/hr\/wp-json\/wp\/v2\/comments?post=144"}],"version-history":[{"count":46,"href":"https:\/\/barrek.eu\/hr\/wp-json\/wp\/v2\/pages\/144\/revisions"}],"predecessor-version":[{"id":888,"href":"https:\/\/barrek.eu\/hr\/wp-json\/wp\/v2\/pages\/144\/revisions\/888"}],"wp:attachment":[{"href":"https:\/\/barrek.eu\/hr\/wp-json\/wp\/v2\/media?parent=144"}],"curies":[{"name":"wp","href":"https:\/\/api.w.org\/{rel}","templated":true}]}}