{"id":155,"date":"2024-08-08T12:34:09","date_gmt":"2024-08-08T10:34:09","guid":{"rendered":"https:\/\/barrek.eu\/?page_id=155"},"modified":"2024-09-25T14:21:46","modified_gmt":"2024-09-25T12:21:46","slug":"usluge","status":"publish","type":"page","link":"https:\/\/barrek.eu\/hr\/usluge\/","title":{"rendered":"Usluge"},"content":{"rendered":"\t\t<div data-elementor-type=\"wp-page\" data-elementor-id=\"155\" class=\"elementor elementor-155\" data-elementor-post-type=\"page\">\n\t\t\t\t<div class=\"elementor-element elementor-element-301e724 e-flex e-con-boxed e-con e-parent\" data-id=\"301e724\" data-element_type=\"container\" data-e-type=\"container\">\n\t\t\t\t\t<div class=\"e-con-inner\">\n\t\t<div class=\"elementor-element elementor-element-b1bc777 e-con-full e-flex e-con e-child\" data-id=\"b1bc777\" data-element_type=\"container\" data-e-type=\"container\">\n\t\t\t\t<div class=\"elementor-element elementor-element-a34dfde elementor-widget elementor-widget-text-editor\" data-id=\"a34dfde\" data-element_type=\"widget\" data-e-type=\"widget\" data-widget_type=\"text-editor.default\">\n\t\t\t\t<div class=\"elementor-widget-container\">\n\t\t\t\t\t\t\t\t\t<p>USLUGE<\/p>\t\t\t\t\t\t\t\t<\/div>\n\t\t\t\t<\/div>\n\t\t\t\t<\/div>\n\t\t<div class=\"elementor-element elementor-element-8263cb2 e-con-full e-flex e-con e-child\" data-id=\"8263cb2\" data-element_type=\"container\" data-e-type=\"container\" data-settings=\"{&quot;background_background&quot;:&quot;classic&quot;}\">\n\t\t\t\t<div class=\"elementor-element elementor-element-fe17dde elementor-widget elementor-widget-text-editor\" data-id=\"fe17dde\" data-element_type=\"widget\" data-e-type=\"widget\" data-widget_type=\"text-editor.default\">\n\t\t\t\t<div class=\"elementor-widget-container\">\n\t\t\t\t\t\t\t\t\t<p><strong>ZNANJEM I TEHNOLOGIJOM RJE\u0160AVAMO VA\u0160E IZAZOVE I PRETVARAMO VA\u0160E IDEJE U SOFTVERSKA RJE\u0160ENJA<span style=\"color: #aa0000;\">.<\/span><\/strong><\/p>\t\t\t\t\t\t\t\t<\/div>\n\t\t\t\t<\/div>\n\t\t\t\t<div class=\"elementor-element elementor-element-cba8fca elementor-widget elementor-widget-text-editor\" data-id=\"cba8fca\" data-element_type=\"widget\" data-e-type=\"widget\" data-widget_type=\"text-editor.default\">\n\t\t\t\t<div class=\"elementor-widget-container\">\n\t\t\t\t\t\t\t\t\t<p>Na\u0161a rje\u0161enja prepoznata su po svojoj kvaliteti od strane pojedinaca i poduze\u0107a koja ih koriste \u0161irom svijeta. Svojim rje\u0161enjima napravili smo zna\u010dajne pomake u unaprje\u0111enju obrazovanja, zapo\u0161ljavanja, upravljanja kvalitetom, \u2026<\/p>\t\t\t\t\t\t\t\t<\/div>\n\t\t\t\t<\/div>\n\t\t\t\t<\/div>\n\t\t\t\t\t<\/div>\n\t\t\t\t<\/div>\n\t\t<div class=\"elementor-element elementor-element-e784494 e-flex e-con-boxed e-con e-parent\" data-id=\"e784494\" data-element_type=\"container\" data-e-type=\"container\">\n\t\t\t\t\t<div class=\"e-con-inner\">\n\t\t<div class=\"elementor-element elementor-element-8535ef7 e-con-full e-flex e-con e-child\" data-id=\"8535ef7\" data-element_type=\"container\" data-e-type=\"container\" data-settings=\"{&quot;background_background&quot;:&quot;classic&quot;}\">\n\t\t\t\t<div class=\"elementor-element elementor-element-efa2a08 elementor-widget elementor-widget-text-editor\" data-id=\"efa2a08\" data-element_type=\"widget\" data-e-type=\"widget\" data-widget_type=\"text-editor.default\">\n\t\t\t\t<div class=\"elementor-widget-container\">\n\t\t\t\t\t\t\t\t\t<p>DIZAJN I RAZVOJ<br \/>WEB STRANICA I WEB TRGOVINA<\/p>\t\t\t\t\t\t\t\t<\/div>\n\t\t\t\t<\/div>\n\t\t\t\t<\/div>\n\t\t<div class=\"elementor-element elementor-element-4b63e25 e-con-full e-flex e-con e-child\" data-id=\"4b63e25\" data-element_type=\"container\" data-e-type=\"container\" data-settings=\"{&quot;background_background&quot;:&quot;classic&quot;}\">\n\t\t\t\t<div class=\"elementor-element elementor-element-42deb89 elementor-widget elementor-widget-text-editor\" data-id=\"42deb89\" data-element_type=\"widget\" data-e-type=\"widget\" data-widget_type=\"text-editor.default\">\n\t\t\t\t<div class=\"elementor-widget-container\">\n\t\t\t\t\t\t\t\t\t<ul><li>Suvremen pristup izradi web stranica i web trgovina<\/li><li>Responzivan dizajn prilagodljiv svim tipovima ure\u0111aja<\/li><li>Dizajn u skladu s trendovima i potrebama va\u0161eg poslovanja<\/li><li>SEO optimizacija svih stranica<\/li><\/ul>\t\t\t\t\t\t\t\t<\/div>\n\t\t\t\t<\/div>\n\t\t\t\t<\/div>\n\t\t\t\t\t<\/div>\n\t\t\t\t<\/div>\n\t\t<div class=\"elementor-element elementor-element-2e17374 e-flex e-con-boxed e-con e-parent\" data-id=\"2e17374\" data-element_type=\"container\" data-e-type=\"container\">\n\t\t\t\t\t<div class=\"e-con-inner\">\n\t\t<div class=\"elementor-element elementor-element-2e6d539 e-con-full e-flex e-con e-child\" data-id=\"2e6d539\" data-element_type=\"container\" data-e-type=\"container\" data-settings=\"{&quot;background_background&quot;:&quot;classic&quot;}\">\n\t\t\t\t<div class=\"elementor-element elementor-element-cfb4079 elementor-widget elementor-widget-text-editor\" data-id=\"cfb4079\" data-element_type=\"widget\" data-e-type=\"widget\" data-widget_type=\"text-editor.default\">\n\t\t\t\t<div class=\"elementor-widget-container\">\n\t\t\t\t\t\t\t\t\t<p>DIZAJN I RAZVOJ<br \/>WEB I MOBILNIH APLIKACIJA<\/p>\t\t\t\t\t\t\t\t<\/div>\n\t\t\t\t<\/div>\n\t\t\t\t<\/div>\n\t\t<div class=\"elementor-element elementor-element-73f46e6 e-con-full e-flex e-con e-child\" data-id=\"73f46e6\" data-element_type=\"container\" data-e-type=\"container\" data-settings=\"{&quot;background_background&quot;:&quot;classic&quot;}\">\n\t\t\t\t<div class=\"elementor-element elementor-element-8058f0f elementor-widget elementor-widget-text-editor\" data-id=\"8058f0f\" data-element_type=\"widget\" data-e-type=\"widget\" data-widget_type=\"text-editor.default\">\n\t\t\t\t<div class=\"elementor-widget-container\">\n\t\t\t\t\t\t\t\t\t<ul><li>Suvremen pristup izradi web i mobilnih aplikacija<\/li><li>Izrada su\u010delja i korisni\u010dkih scenarija prema trendovima i navikama kretanja korisnika u online okru\u017eenju<\/li><li>Razvoj mobilnih aplikacija za iOS i Android platforme<\/li><li>Mogu\u0107nost izrade jednostavnih i slo\u017eenih web i mobilnih aplikacija<\/li><\/ul>\t\t\t\t\t\t\t\t<\/div>\n\t\t\t\t<\/div>\n\t\t\t\t<\/div>\n\t\t\t\t\t<\/div>\n\t\t\t\t<\/div>\n\t\t<div class=\"elementor-element elementor-element-5fff083 e-flex e-con-boxed e-con e-parent\" data-id=\"5fff083\" data-element_type=\"container\" data-e-type=\"container\">\n\t\t\t\t\t<div class=\"e-con-inner\">\n\t\t<div class=\"elementor-element elementor-element-2842c16 e-con-full e-flex e-con e-child\" data-id=\"2842c16\" data-element_type=\"container\" data-e-type=\"container\" data-settings=\"{&quot;background_background&quot;:&quot;classic&quot;}\">\n\t\t\t\t<div class=\"elementor-element elementor-element-8a0bd5f elementor-widget elementor-widget-text-editor\" data-id=\"8a0bd5f\" data-element_type=\"widget\" data-e-type=\"widget\" data-widget_type=\"text-editor.default\">\n\t\t\t\t<div class=\"elementor-widget-container\">\n\t\t\t\t\t\t\t\t\t<p>DIZAJN I RAZVOJ<br \/>SLO\u017dENIH DIGITALNIH RJE\u0160ENJA<\/p>\t\t\t\t\t\t\t\t<\/div>\n\t\t\t\t<\/div>\n\t\t\t\t<\/div>\n\t\t<div class=\"elementor-element elementor-element-dce5e9e e-con-full e-flex e-con e-child\" data-id=\"dce5e9e\" data-element_type=\"container\" data-e-type=\"container\" data-settings=\"{&quot;background_background&quot;:&quot;classic&quot;}\">\n\t\t\t\t<div class=\"elementor-element elementor-element-4baad46 elementor-widget elementor-widget-text-editor\" data-id=\"4baad46\" data-element_type=\"widget\" data-e-type=\"widget\" data-widget_type=\"text-editor.default\">\n\t\t\t\t<div class=\"elementor-widget-container\">\n\t\t\t\t\t\t\t\t\t<ul><li>Dizajn i razvoj naprednih IT rje\u0161enja poput CRM i ERP sustava<\/li><li>Osmi\u0161ljanje i dizajn funkcionalnosti prema potrebama korisnika<\/li><li>Testiranje razvijenih rje\u0161enja prema scenarijima kori\u0161tenja<\/li><li>Briga o kvaliteti isporuke, funkcionalnostima i budu\u0107im nadogradnjama sustava<\/li><\/ul>\t\t\t\t\t\t\t\t<\/div>\n\t\t\t\t<\/div>\n\t\t\t\t<\/div>\n\t\t\t\t\t<\/div>\n\t\t\t\t<\/div>\n\t\t<div class=\"elementor-element elementor-element-190b604 e-flex e-con-boxed e-con e-parent\" data-id=\"190b604\" data-element_type=\"container\" data-e-type=\"container\">\n\t\t\t\t\t<div class=\"e-con-inner\">\n\t\t<div class=\"elementor-element elementor-element-bb6461a e-con-full e-flex e-con e-child\" data-id=\"bb6461a\" data-element_type=\"container\" data-e-type=\"container\" data-settings=\"{&quot;background_background&quot;:&quot;classic&quot;}\">\n\t\t\t\t<div class=\"elementor-element elementor-element-9f897e7 elementor-widget elementor-widget-text-editor\" data-id=\"9f897e7\" data-element_type=\"widget\" data-e-type=\"widget\" data-widget_type=\"text-editor.default\">\n\t\t\t\t<div class=\"elementor-widget-container\">\n\t\t\t\t\t\t\t\t\t<p>DIGITALNI MARKETING<\/p>\t\t\t\t\t\t\t\t<\/div>\n\t\t\t\t<\/div>\n\t\t\t\t<\/div>\n\t\t<div class=\"elementor-element elementor-element-4652a74 e-con-full e-flex e-con e-child\" data-id=\"4652a74\" data-element_type=\"container\" data-e-type=\"container\" data-settings=\"{&quot;background_background&quot;:&quot;classic&quot;}\">\n\t\t\t\t<div class=\"elementor-element elementor-element-137a139 elementor-widget elementor-widget-text-editor\" data-id=\"137a139\" data-element_type=\"widget\" data-e-type=\"widget\" data-widget_type=\"text-editor.default\">\n\t\t\t\t<div class=\"elementor-widget-container\">\n\t\t\t\t\t\t\t\t\t<ul><li>Izrada sadr\u017eaja i vo\u0111enje dru\u0161tvenih mre\u017ea &#8211; Facebook, Linkedin, Instagram, \u2026<\/li><li>Ogla\u0161avanje na dru\u0161tvenim mre\u017eama<\/li><li>Ogla\u0161avanje putem Google Ads platforme &#8211; Izrada oglasa, analiza klju\u010dnih rije\u010di, segmentiranje ciljanih skupina, \u2026<\/li><li>SEO &#8211; izrada analize trenutnog stanja i izrada plana pobolj\u0161anja sadr\u017eaja, optimizacija sadr\u017eaja web stranica i web trgovina<\/li><\/ul>\t\t\t\t\t\t\t\t<\/div>\n\t\t\t\t<\/div>\n\t\t\t\t<\/div>\n\t\t\t\t\t<\/div>\n\t\t\t\t<\/div>\n\t\t\t\t<\/div>\n\t\t","protected":false},"excerpt":{"rendered":"<p>USLUGE ZNANJEM I TEHNOLOGIJOM RJE\u0160AVAMO VA\u0160E IZAZOVE I PRETVARAMO VA\u0160E IDEJE U SOFTVERSKA RJE\u0160ENJA. Na\u0161a rje\u0161enja prepoznata su po svojoj kvaliteti od strane pojedinaca i poduze\u0107a koja ih koriste \u0161irom svijeta. Svojim rje\u0161enjima napravili smo zna\u010dajne pomake u unaprje\u0111enju obrazovanja, zapo\u0161ljavanja, upravljanja kvalitetom, \u2026 DIZAJN I RAZVOJWEB STRANICA I WEB TRGOVINA Suvremen pristup izradi web [&hellip;]<\/p>\n","protected":false},"author":1,"featured_media":0,"parent":0,"menu_order":0,"comment_status":"closed","ping_status":"closed","template":"","meta":{"footnotes":""},"class_list":["post-155","page","type-page","status-publish","hentry"],"yoast_head":"<!-- This site is optimized with the Yoast SEO plugin v27.2 - https:\/\/yoast.com\/product\/yoast-seo-wordpress\/ -->\n<title>Usluge - BARREK Group<\/title>\n<meta name=\"description\" content=\"Na\u0161e usluge prepoznata su po svojoj kvaliteti od strane pojedinaca i poduze\u0107a koja ih koriste \u0161irom svijeta.\" \/>\n<meta name=\"robots\" content=\"index, follow, max-snippet:-1, max-image-preview:large, max-video-preview:-1\" \/>\n<link rel=\"canonical\" href=\"https:\/\/barrek.eu\/hr\/usluge\/\" \/>\n<meta property=\"og:locale\" content=\"hr_HR\" \/>\n<meta property=\"og:type\" content=\"article\" \/>\n<meta property=\"og:title\" content=\"Usluge - BARREK Group\" \/>\n<meta property=\"og:description\" content=\"Na\u0161e usluge prepoznata su po svojoj kvaliteti od strane pojedinaca i poduze\u0107a koja ih koriste \u0161irom svijeta.\" \/>\n<meta property=\"og:url\" content=\"https:\/\/barrek.eu\/hr\/usluge\/\" \/>\n<meta property=\"og:site_name\" content=\"BARREK Group\" \/>\n<meta property=\"article:modified_time\" content=\"2024-09-25T12:21:46+00:00\" \/>\n<meta property=\"og:image\" content=\"https:\/\/barrek.eu\/wp-content\/uploads\/2024\/09\/barrek-logo-seo.png\" \/>\n\t<meta property=\"og:image:width\" content=\"1600\" \/>\n\t<meta property=\"og:image:height\" content=\"900\" \/>\n\t<meta property=\"og:image:type\" content=\"image\/png\" \/>\n<meta name=\"twitter:card\" content=\"summary_large_image\" \/>\n<meta name=\"twitter:title\" content=\"Usluge - BARREK Group\" \/>\n<meta name=\"twitter:description\" content=\"Na\u0161e usluge prepoznata su po svojoj kvaliteti od strane pojedinaca i poduze\u0107a koja ih koriste \u0161irom svijeta.\" \/>\n<meta name=\"twitter:image\" content=\"https:\/\/barrek.eu\/wp-content\/uploads\/2024\/09\/barrek-logo-seo.png\" \/>\n<meta name=\"twitter:label1\" content=\"Procijenjeno vrijeme \u010ditanja\" \/>\n\t<meta name=\"twitter:data1\" content=\"2 minute\" \/>\n<script type=\"application\/ld+json\" class=\"yoast-schema-graph\">{\"@context\":\"https:\/\/schema.org\",\"@graph\":[{\"@type\":\"WebPage\",\"@id\":\"https:\/\/barrek.eu\/hr\/usluge\/\",\"url\":\"https:\/\/barrek.eu\/hr\/usluge\/\",\"name\":\"Usluge - BARREK Group\",\"isPartOf\":{\"@id\":\"https:\/\/barrek.eu\/hr\/#website\"},\"datePublished\":\"2024-08-08T10:34:09+00:00\",\"dateModified\":\"2024-09-25T12:21:46+00:00\",\"description\":\"Na\u0161e usluge prepoznata su po svojoj kvaliteti od strane pojedinaca i poduze\u0107a koja ih koriste \u0161irom svijeta.\",\"breadcrumb\":{\"@id\":\"https:\/\/barrek.eu\/hr\/usluge\/#breadcrumb\"},\"inLanguage\":\"hr\",\"potentialAction\":[{\"@type\":\"ReadAction\",\"target\":[\"https:\/\/barrek.eu\/hr\/usluge\/\"]}]},{\"@type\":\"BreadcrumbList\",\"@id\":\"https:\/\/barrek.eu\/hr\/usluge\/#breadcrumb\",\"itemListElement\":[{\"@type\":\"ListItem\",\"position\":1,\"name\":\"Po\u010detna stranica\",\"item\":\"https:\/\/barrek.eu\/hr\/\"},{\"@type\":\"ListItem\",\"position\":2,\"name\":\"Usluge\"}]},{\"@type\":\"WebSite\",\"@id\":\"https:\/\/barrek.eu\/hr\/#website\",\"url\":\"https:\/\/barrek.eu\/hr\/\",\"name\":\"BARREK Group\",\"description\":\"Success begins with us.\",\"publisher\":{\"@id\":\"https:\/\/barrek.eu\/hr\/#organization\"},\"potentialAction\":[{\"@type\":\"SearchAction\",\"target\":{\"@type\":\"EntryPoint\",\"urlTemplate\":\"https:\/\/barrek.eu\/hr\/?s={search_term_string}\"},\"query-input\":{\"@type\":\"PropertyValueSpecification\",\"valueRequired\":true,\"valueName\":\"search_term_string\"}}],\"inLanguage\":\"hr\"},{\"@type\":\"Organization\",\"@id\":\"https:\/\/barrek.eu\/hr\/#organization\",\"name\":\"BARREK Group\",\"url\":\"https:\/\/barrek.eu\/hr\/\",\"logo\":{\"@type\":\"ImageObject\",\"inLanguage\":\"hr\",\"@id\":\"https:\/\/barrek.eu\/hr\/#\/schema\/logo\/image\/\",\"url\":\"https:\/\/barrek.eu\/wp-content\/uploads\/2024\/08\/BARREK-Group-logo.png\",\"contentUrl\":\"https:\/\/barrek.eu\/wp-content\/uploads\/2024\/08\/BARREK-Group-logo.png\",\"width\":862,\"height\":322,\"caption\":\"BARREK Group\"},\"image\":{\"@id\":\"https:\/\/barrek.eu\/hr\/#\/schema\/logo\/image\/\"}}]}<\/script>\n<!-- \/ Yoast SEO plugin. -->","yoast_head_json":{"title":"Usluge - BARREK Group","description":"Na\u0161e usluge prepoznata su po svojoj kvaliteti od strane pojedinaca i poduze\u0107a koja ih koriste \u0161irom svijeta.","robots":{"index":"index","follow":"follow","max-snippet":"max-snippet:-1","max-image-preview":"max-image-preview:large","max-video-preview":"max-video-preview:-1"},"canonical":"https:\/\/barrek.eu\/hr\/usluge\/","og_locale":"hr_HR","og_type":"article","og_title":"Usluge - BARREK Group","og_description":"Na\u0161e usluge prepoznata su po svojoj kvaliteti od strane pojedinaca i poduze\u0107a koja ih koriste \u0161irom svijeta.","og_url":"https:\/\/barrek.eu\/hr\/usluge\/","og_site_name":"BARREK Group","article_modified_time":"2024-09-25T12:21:46+00:00","og_image":[{"width":1600,"height":900,"url":"https:\/\/barrek.eu\/wp-content\/uploads\/2024\/09\/barrek-logo-seo.png","type":"image\/png"}],"twitter_card":"summary_large_image","twitter_title":"Usluge - BARREK Group","twitter_description":"Na\u0161e usluge prepoznata su po svojoj kvaliteti od strane pojedinaca i poduze\u0107a koja ih koriste \u0161irom svijeta.","twitter_image":"https:\/\/barrek.eu\/wp-content\/uploads\/2024\/09\/barrek-logo-seo.png","twitter_misc":{"Procijenjeno vrijeme \u010ditanja":"2 minute"},"schema":{"@context":"https:\/\/schema.org","@graph":[{"@type":"WebPage","@id":"https:\/\/barrek.eu\/hr\/usluge\/","url":"https:\/\/barrek.eu\/hr\/usluge\/","name":"Usluge - BARREK Group","isPartOf":{"@id":"https:\/\/barrek.eu\/hr\/#website"},"datePublished":"2024-08-08T10:34:09+00:00","dateModified":"2024-09-25T12:21:46+00:00","description":"Na\u0161e usluge prepoznata su po svojoj kvaliteti od strane pojedinaca i poduze\u0107a koja ih koriste \u0161irom svijeta.","breadcrumb":{"@id":"https:\/\/barrek.eu\/hr\/usluge\/#breadcrumb"},"inLanguage":"hr","potentialAction":[{"@type":"ReadAction","target":["https:\/\/barrek.eu\/hr\/usluge\/"]}]},{"@type":"BreadcrumbList","@id":"https:\/\/barrek.eu\/hr\/usluge\/#breadcrumb","itemListElement":[{"@type":"ListItem","position":1,"name":"Po\u010detna stranica","item":"https:\/\/barrek.eu\/hr\/"},{"@type":"ListItem","position":2,"name":"Usluge"}]},{"@type":"WebSite","@id":"https:\/\/barrek.eu\/hr\/#website","url":"https:\/\/barrek.eu\/hr\/","name":"BARREK Group","description":"Success begins with us.","publisher":{"@id":"https:\/\/barrek.eu\/hr\/#organization"},"potentialAction":[{"@type":"SearchAction","target":{"@type":"EntryPoint","urlTemplate":"https:\/\/barrek.eu\/hr\/?s={search_term_string}"},"query-input":{"@type":"PropertyValueSpecification","valueRequired":true,"valueName":"search_term_string"}}],"inLanguage":"hr"},{"@type":"Organization","@id":"https:\/\/barrek.eu\/hr\/#organization","name":"BARREK Group","url":"https:\/\/barrek.eu\/hr\/","logo":{"@type":"ImageObject","inLanguage":"hr","@id":"https:\/\/barrek.eu\/hr\/#\/schema\/logo\/image\/","url":"https:\/\/barrek.eu\/wp-content\/uploads\/2024\/08\/BARREK-Group-logo.png","contentUrl":"https:\/\/barrek.eu\/wp-content\/uploads\/2024\/08\/BARREK-Group-logo.png","width":862,"height":322,"caption":"BARREK Group"},"image":{"@id":"https:\/\/barrek.eu\/hr\/#\/schema\/logo\/image\/"}}]}},"_links":{"self":[{"href":"https:\/\/barrek.eu\/hr\/wp-json\/wp\/v2\/pages\/155","targetHints":{"allow":["GET"]}}],"collection":[{"href":"https:\/\/barrek.eu\/hr\/wp-json\/wp\/v2\/pages"}],"about":[{"href":"https:\/\/barrek.eu\/hr\/wp-json\/wp\/v2\/types\/page"}],"author":[{"embeddable":true,"href":"https:\/\/barrek.eu\/hr\/wp-json\/wp\/v2\/users\/1"}],"replies":[{"embeddable":true,"href":"https:\/\/barrek.eu\/hr\/wp-json\/wp\/v2\/comments?post=155"}],"version-history":[{"count":40,"href":"https:\/\/barrek.eu\/hr\/wp-json\/wp\/v2\/pages\/155\/revisions"}],"predecessor-version":[{"id":650,"href":"https:\/\/barrek.eu\/hr\/wp-json\/wp\/v2\/pages\/155\/revisions\/650"}],"wp:attachment":[{"href":"https:\/\/barrek.eu\/hr\/wp-json\/wp\/v2\/media?parent=155"}],"curies":[{"name":"wp","href":"https:\/\/api.w.org\/{rel}","templated":true}]}}