{"id":898,"date":"2026-03-25T17:38:06","date_gmt":"2026-03-25T16:38:06","guid":{"rendered":"https:\/\/barrek.eu\/?page_id=898"},"modified":"2026-03-25T18:09:05","modified_gmt":"2026-03-25T17:09:05","slug":"eu-projekti","status":"publish","type":"page","link":"https:\/\/barrek.eu\/hr\/eu-projekti\/","title":{"rendered":"EU projekti"},"content":{"rendered":"\t\t<div data-elementor-type=\"wp-page\" data-elementor-id=\"898\" class=\"elementor elementor-898\" data-elementor-post-type=\"page\">\n\t\t\t\t<div class=\"elementor-element elementor-element-61ca95d e-flex e-con-boxed e-con e-parent\" data-id=\"61ca95d\" data-element_type=\"container\" data-e-type=\"container\">\n\t\t\t\t\t<div class=\"e-con-inner\">\n\t\t<div class=\"elementor-element elementor-element-f028b49 e-con-full e-flex e-con e-child\" data-id=\"f028b49\" data-element_type=\"container\" data-e-type=\"container\">\n\t\t\t\t<div class=\"elementor-element elementor-element-b54b27b elementor-widget elementor-widget-text-editor\" data-id=\"b54b27b\" data-element_type=\"widget\" data-e-type=\"widget\" data-widget_type=\"text-editor.default\">\n\t\t\t\t<div class=\"elementor-widget-container\">\n\t\t\t\t\t\t\t\t\t<p>EU PROJEKTI<\/p>\t\t\t\t\t\t\t\t<\/div>\n\t\t\t\t<\/div>\n\t\t\t\t<\/div>\n\t\t\t\t\t<\/div>\n\t\t\t\t<\/div>\n\t\t<div class=\"elementor-element elementor-element-8ca1056 e-flex e-con-boxed e-con e-parent\" data-id=\"8ca1056\" data-element_type=\"container\" data-e-type=\"container\">\n\t\t\t\t\t<div class=\"e-con-inner\">\n\t\t<div class=\"elementor-element elementor-element-5626922 e-con-full e-flex e-con e-child\" data-id=\"5626922\" data-element_type=\"container\" data-e-type=\"container\" data-settings=\"{&quot;background_background&quot;:&quot;classic&quot;}\">\n\t\t\t\t<div class=\"elementor-element elementor-element-853b950 elementor-widget elementor-widget-text-editor\" data-id=\"853b950\" data-element_type=\"widget\" data-e-type=\"widget\" data-widget_type=\"text-editor.default\">\n\t\t\t\t<div class=\"elementor-widget-container\">\n\t\t\t\t\t\t\t\t\t<p><strong>Naziv projekta<\/strong><strong>: <br \/><\/strong>LORO Audit: zavr\u0161na faza razvoja sustava za upravljanje auditima<\/p><p><strong>Korisnik: <br \/><\/strong>BARREK d.o.o.<\/p><p><strong>Referentna oznaka projekta:<\/strong> <br \/>PK.1.1.08.0118<\/p><p><strong>Poziv<\/strong>: <br \/>Poziv na dodjelu bespovratnih sredstava \u201eInovacije novoosnovanih MSP-ova\u201c<\/p><p><strong>Kratki opis projekta:<br \/><\/strong>Poduze\u0107e Barrek d.o.o. ima za cilj dovr\u0161iti razvoj softverskog sustava LORO Audit iz TRL 7 u TRL 9 i omogu\u0107iti njegovo tr\u017ei\u0161no lansiranje. Razvija se jedan proizvod (tri modula): LORO Audit Core (osnovni sustav za digitalno upravljanje auditima), LORO Audit FOOD (za prehrambeni sektor) i LORO Audit ENERGY (za energetski sektor). Razvoj AI modula daje dodanu vrijednost radikalnoj inovaciji softverskog rje\u0161enja, donose\u0107i novu razinu automatizacije i analitike u upravljanje auditima. Krajnji korisnici su poduze\u0107a, auditori i certifikacijska tijela, odnosno sve vrste organizacija koje provode sve vrste audita (interni, eksterni, nadzorni, certifikacijski).<\/p><p><strong>Ciljevi i o\u010dekivani rezultati projekta:<\/strong><\/p><p>OP\u0106I CILJ PROJEKTA:<\/p><p>Pove\u0107ati globalnu konkurentnost i odr\u017eivi rast poduze\u0107a Barrek d.o.o. ulaganjem u predkomercijalni razvoj i tr\u017ei\u0161nu pripremu digitalnog, znanjem utemeljenog i tehnolo\u0161ki naprednog rje\u0161enja za upravljanje auditima \u2013 LORO Audit.<\/p><p>U cilju ostvarenja op\u0107eg cilja i svrhe projekta, definirani su sljede\u0107i specifi\u010dni ciljevi:<\/p><ol><li>Daljnji razvoj sustava LORO Audit kroz izgradnju dodatnih funkcionalnih modula (ukupno 9 modula), uklju\u010duju\u0107i prilagodbu osnovnog sustava (Core) i razvoj specijaliziranih ina\u010dica za prehrambeni (FOOD) i energetski sektor (ENERGY).<\/li><li>Oblikovanje poslovnog modela i operativna prilagodba poslovnih procesa.<\/li><li>Priprema za komercijalizaciju i skaliranje poslovnog modela kroz izgradnju SaaS infrastrukture, lokalizaciju proizvoda, edukaciju korisnika i formiranje mre\u017ee distributera i partnera &#8211; marketin\u0161ka strategija.<\/li><li>Uspostava sustava za\u0161tite i upravljanja intelektualnim vlasni\u0161tvom proiza\u0161log iz projektnih aktivnosti.<\/li><\/ol><p>U odnosu na postavljene pokazatelje Poziva projekt doprinosi sljede\u0107im vrijednostima:<\/p><ul><li>RCR03 &#8211; Mala i srednja poduze\u0107a (MSP-ovi) koja uvode inovacije u proizvode ili procese \/ poduze\u0107a: 1<\/li><li>RCR01 &#8211; Stvorena radna mjesta u subjektima koji su primili potporu \/ godi\u0161nji EPRV-i: 2<\/li><li>RCR04 &#8211; MSP-ovi koji uvode marketin\u0161ke ili organizacijske inovacije \/ poduze\u0107a: 1<\/li><li>Pove\u0107anje prihoda od prodaje \/ euro: 351.360,39<\/li><li>Broj inovativnih proizvoda, usluga ili procesa koji se razvijaju projektom \/ Broj: 1<\/li><li>Postotak poduze\u0107a koja nastavljaju poslovanje nakon zavr\u0161etka projekta \/ postotak: 1<\/li><li>O1 &#8211; Vrijednost dobivenog dodatnog financiranja nakon zavr\u0161etka projekta \/ euro: 70.000,00<\/li><\/ul>\t\t\t\t\t\t\t\t<\/div>\n\t\t\t\t<\/div>\n\t\t\t\t<div class=\"elementor-element elementor-element-b818feb elementor-widget elementor-widget-text-editor\" data-id=\"b818feb\" data-element_type=\"widget\" data-e-type=\"widget\" data-widget_type=\"text-editor.default\">\n\t\t\t\t<div class=\"elementor-widget-container\">\n\t\t\t\t\t\t\t\t\t<p><strong>Ukupna vrijednost projekta: <br \/><\/strong>204.708,69 EUR<\/p><p><strong>Dodijeljen iznos bespovratnih sredstava (potpore):<\/strong> <br \/>127.497,41 EUR<\/p><p><strong>Razdoblje provedbe projekta: <br \/><\/strong>01.09.2025. \u2013 01.03.2027.<\/p><p><strong>Trajanje projekta:<\/strong> <br \/>18 mjeseci<\/p><p><strong>Kontakt osoba za vi\u0161e informacija: <br \/><\/strong>Robert Bari\u0161i\u0107, voditelj projekta<\/p><p><strong>E-mail: <\/strong><br \/><a href=\"mailto:robert@barrek.eu\">robert@barrek.eu<\/a><\/p>\t\t\t\t\t\t\t\t<\/div>\n\t\t\t\t<\/div>\n\t\t\t\t<div class=\"elementor-element elementor-element-be9c03b elementor-widget elementor-widget-image\" data-id=\"be9c03b\" data-element_type=\"widget\" data-e-type=\"widget\" data-widget_type=\"image.default\">\n\t\t\t\t<div class=\"elementor-widget-container\">\n\t\t\t\t\t\t\t\t\t\t\t\t\t\t\t<img decoding=\"async\" width=\"420\" height=\"110\" src=\"https:\/\/barrek.eu\/wp-content\/uploads\/2026\/03\/EU-Financira-Europska-Unija.png\" class=\"attachment-large size-large wp-image-900\" alt=\"\" srcset=\"https:\/\/barrek.eu\/wp-content\/uploads\/2026\/03\/EU-Financira-Europska-Unija.png 420w, https:\/\/barrek.eu\/wp-content\/uploads\/2026\/03\/EU-Financira-Europska-Unija-300x79.png 300w\" sizes=\"(max-width: 420px) 100vw, 420px\" \/>\t\t\t\t\t\t\t\t\t\t\t\t\t\t\t<\/div>\n\t\t\t\t<\/div>\n\t\t\t\t<div class=\"elementor-element elementor-element-e76810c elementor-widget elementor-widget-text-editor\" data-id=\"e76810c\" data-element_type=\"widget\" data-e-type=\"widget\" data-widget_type=\"text-editor.default\">\n\t\t\t\t<div class=\"elementor-widget-container\">\n\t\t\t\t\t\t\t\t\t<p>Izneseni stavovi i mi\u0161ljenja samo su autorova i ne odra\u017eavaju nu\u017eno slu\u017ebena stajali\u0161ta Europske unije ili Europske komisije. Ni Europska unija ni Europska komisija ne mogu se smatrati odgovornima za njih.<\/p>\t\t\t\t\t\t\t\t<\/div>\n\t\t\t\t<\/div>\n\t\t\t\t<\/div>\n\t\t\t\t\t<\/div>\n\t\t\t\t<\/div>\n\t\t\t\t<\/div>\n\t\t","protected":false},"excerpt":{"rendered":"<p>EU PROJEKTI Naziv projekta: LORO Audit: zavr\u0161na faza razvoja sustava za upravljanje auditima Korisnik: BARREK d.o.o. Referentna oznaka projekta: PK.1.1.08.0118 Poziv: Poziv na dodjelu bespovratnih sredstava \u201eInovacije novoosnovanih MSP-ova\u201c Kratki opis projekta:Poduze\u0107e Barrek d.o.o. ima za cilj dovr\u0161iti razvoj softverskog sustava LORO Audit iz TRL 7 u TRL 9 i omogu\u0107iti njegovo tr\u017ei\u0161no lansiranje. Razvija [&hellip;]<\/p>\n","protected":false},"author":1,"featured_media":0,"parent":0,"menu_order":0,"comment_status":"closed","ping_status":"closed","template":"","meta":{"footnotes":""},"class_list":["post-898","page","type-page","status-publish","hentry"],"yoast_head":"<!-- This site is optimized with the Yoast SEO plugin v27.2 - https:\/\/yoast.com\/product\/yoast-seo-wordpress\/ -->\n<title>EU projekti - BARREK Group<\/title>\n<meta name=\"robots\" content=\"index, follow, max-snippet:-1, max-image-preview:large, max-video-preview:-1\" \/>\n<link rel=\"canonical\" href=\"https:\/\/barrek.eu\/hr\/eu-projekti\/\" \/>\n<meta property=\"og:locale\" content=\"hr_HR\" \/>\n<meta property=\"og:type\" content=\"article\" \/>\n<meta property=\"og:title\" content=\"EU projekti - BARREK Group\" \/>\n<meta property=\"og:description\" content=\"EU PROJEKTI Naziv projekta: LORO Audit: zavr\u0161na faza razvoja sustava za upravljanje auditima Korisnik: BARREK d.o.o. Referentna oznaka projekta: PK.1.1.08.0118 Poziv: Poziv na dodjelu bespovratnih sredstava \u201eInovacije novoosnovanih MSP-ova\u201c Kratki opis projekta:Poduze\u0107e Barrek d.o.o. ima za cilj dovr\u0161iti razvoj softverskog sustava LORO Audit iz TRL 7 u TRL 9 i omogu\u0107iti njegovo tr\u017ei\u0161no lansiranje. Razvija [&hellip;]\" \/>\n<meta property=\"og:url\" content=\"https:\/\/barrek.eu\/hr\/eu-projekti\/\" \/>\n<meta property=\"og:site_name\" content=\"BARREK Group\" \/>\n<meta property=\"article:modified_time\" content=\"2026-03-25T17:09:05+00:00\" \/>\n<meta property=\"og:image\" content=\"https:\/\/barrek.eu\/wp-content\/uploads\/2026\/03\/EU-Financira-Europska-Unija.png\" \/>\n\t<meta property=\"og:image:width\" content=\"420\" \/>\n\t<meta property=\"og:image:height\" content=\"110\" \/>\n\t<meta property=\"og:image:type\" content=\"image\/png\" \/>\n<meta name=\"twitter:card\" content=\"summary_large_image\" \/>\n<meta name=\"twitter:label1\" content=\"Procijenjeno vrijeme \u010ditanja\" \/>\n\t<meta name=\"twitter:data1\" content=\"3 minute\" \/>\n<script type=\"application\/ld+json\" class=\"yoast-schema-graph\">{\"@context\":\"https:\/\/schema.org\",\"@graph\":[{\"@type\":\"WebPage\",\"@id\":\"https:\/\/barrek.eu\/hr\/eu-projekti\/\",\"url\":\"https:\/\/barrek.eu\/hr\/eu-projekti\/\",\"name\":\"EU projekti - BARREK Group\",\"isPartOf\":{\"@id\":\"https:\/\/barrek.eu\/hr\/#website\"},\"primaryImageOfPage\":{\"@id\":\"https:\/\/barrek.eu\/hr\/eu-projekti\/#primaryimage\"},\"image\":{\"@id\":\"https:\/\/barrek.eu\/hr\/eu-projekti\/#primaryimage\"},\"thumbnailUrl\":\"https:\/\/barrek.eu\/wp-content\/uploads\/2026\/03\/EU-Financira-Europska-Unija.png\",\"datePublished\":\"2026-03-25T16:38:06+00:00\",\"dateModified\":\"2026-03-25T17:09:05+00:00\",\"breadcrumb\":{\"@id\":\"https:\/\/barrek.eu\/hr\/eu-projekti\/#breadcrumb\"},\"inLanguage\":\"hr\",\"potentialAction\":[{\"@type\":\"ReadAction\",\"target\":[\"https:\/\/barrek.eu\/hr\/eu-projekti\/\"]}]},{\"@type\":\"ImageObject\",\"inLanguage\":\"hr\",\"@id\":\"https:\/\/barrek.eu\/hr\/eu-projekti\/#primaryimage\",\"url\":\"https:\/\/barrek.eu\/wp-content\/uploads\/2026\/03\/EU-Financira-Europska-Unija.png\",\"contentUrl\":\"https:\/\/barrek.eu\/wp-content\/uploads\/2026\/03\/EU-Financira-Europska-Unija.png\"},{\"@type\":\"BreadcrumbList\",\"@id\":\"https:\/\/barrek.eu\/hr\/eu-projekti\/#breadcrumb\",\"itemListElement\":[{\"@type\":\"ListItem\",\"position\":1,\"name\":\"Po\u010detna stranica\",\"item\":\"https:\/\/barrek.eu\/hr\/\"},{\"@type\":\"ListItem\",\"position\":2,\"name\":\"EU projekti\"}]},{\"@type\":\"WebSite\",\"@id\":\"https:\/\/barrek.eu\/hr\/#website\",\"url\":\"https:\/\/barrek.eu\/hr\/\",\"name\":\"BARREK Group\",\"description\":\"Success begins with us.\",\"publisher\":{\"@id\":\"https:\/\/barrek.eu\/hr\/#organization\"},\"potentialAction\":[{\"@type\":\"SearchAction\",\"target\":{\"@type\":\"EntryPoint\",\"urlTemplate\":\"https:\/\/barrek.eu\/hr\/?s={search_term_string}\"},\"query-input\":{\"@type\":\"PropertyValueSpecification\",\"valueRequired\":true,\"valueName\":\"search_term_string\"}}],\"inLanguage\":\"hr\"},{\"@type\":\"Organization\",\"@id\":\"https:\/\/barrek.eu\/hr\/#organization\",\"name\":\"BARREK Group\",\"url\":\"https:\/\/barrek.eu\/hr\/\",\"logo\":{\"@type\":\"ImageObject\",\"inLanguage\":\"hr\",\"@id\":\"https:\/\/barrek.eu\/hr\/#\/schema\/logo\/image\/\",\"url\":\"https:\/\/barrek.eu\/wp-content\/uploads\/2024\/08\/BARREK-Group-logo.png\",\"contentUrl\":\"https:\/\/barrek.eu\/wp-content\/uploads\/2024\/08\/BARREK-Group-logo.png\",\"width\":862,\"height\":322,\"caption\":\"BARREK Group\"},\"image\":{\"@id\":\"https:\/\/barrek.eu\/hr\/#\/schema\/logo\/image\/\"}}]}<\/script>\n<!-- \/ Yoast SEO plugin. -->","yoast_head_json":{"title":"EU projekti - BARREK Group","robots":{"index":"index","follow":"follow","max-snippet":"max-snippet:-1","max-image-preview":"max-image-preview:large","max-video-preview":"max-video-preview:-1"},"canonical":"https:\/\/barrek.eu\/hr\/eu-projekti\/","og_locale":"hr_HR","og_type":"article","og_title":"EU projekti - BARREK Group","og_description":"EU PROJEKTI Naziv projekta: LORO Audit: zavr\u0161na faza razvoja sustava za upravljanje auditima Korisnik: BARREK d.o.o. Referentna oznaka projekta: PK.1.1.08.0118 Poziv: Poziv na dodjelu bespovratnih sredstava \u201eInovacije novoosnovanih MSP-ova\u201c Kratki opis projekta:Poduze\u0107e Barrek d.o.o. ima za cilj dovr\u0161iti razvoj softverskog sustava LORO Audit iz TRL 7 u TRL 9 i omogu\u0107iti njegovo tr\u017ei\u0161no lansiranje. Razvija [&hellip;]","og_url":"https:\/\/barrek.eu\/hr\/eu-projekti\/","og_site_name":"BARREK Group","article_modified_time":"2026-03-25T17:09:05+00:00","og_image":[{"width":420,"height":110,"url":"https:\/\/barrek.eu\/wp-content\/uploads\/2026\/03\/EU-Financira-Europska-Unija.png","type":"image\/png"}],"twitter_card":"summary_large_image","twitter_misc":{"Procijenjeno vrijeme \u010ditanja":"3 minute"},"schema":{"@context":"https:\/\/schema.org","@graph":[{"@type":"WebPage","@id":"https:\/\/barrek.eu\/hr\/eu-projekti\/","url":"https:\/\/barrek.eu\/hr\/eu-projekti\/","name":"EU projekti - BARREK Group","isPartOf":{"@id":"https:\/\/barrek.eu\/hr\/#website"},"primaryImageOfPage":{"@id":"https:\/\/barrek.eu\/hr\/eu-projekti\/#primaryimage"},"image":{"@id":"https:\/\/barrek.eu\/hr\/eu-projekti\/#primaryimage"},"thumbnailUrl":"https:\/\/barrek.eu\/wp-content\/uploads\/2026\/03\/EU-Financira-Europska-Unija.png","datePublished":"2026-03-25T16:38:06+00:00","dateModified":"2026-03-25T17:09:05+00:00","breadcrumb":{"@id":"https:\/\/barrek.eu\/hr\/eu-projekti\/#breadcrumb"},"inLanguage":"hr","potentialAction":[{"@type":"ReadAction","target":["https:\/\/barrek.eu\/hr\/eu-projekti\/"]}]},{"@type":"ImageObject","inLanguage":"hr","@id":"https:\/\/barrek.eu\/hr\/eu-projekti\/#primaryimage","url":"https:\/\/barrek.eu\/wp-content\/uploads\/2026\/03\/EU-Financira-Europska-Unija.png","contentUrl":"https:\/\/barrek.eu\/wp-content\/uploads\/2026\/03\/EU-Financira-Europska-Unija.png"},{"@type":"BreadcrumbList","@id":"https:\/\/barrek.eu\/hr\/eu-projekti\/#breadcrumb","itemListElement":[{"@type":"ListItem","position":1,"name":"Po\u010detna stranica","item":"https:\/\/barrek.eu\/hr\/"},{"@type":"ListItem","position":2,"name":"EU projekti"}]},{"@type":"WebSite","@id":"https:\/\/barrek.eu\/hr\/#website","url":"https:\/\/barrek.eu\/hr\/","name":"BARREK Group","description":"Success begins with us.","publisher":{"@id":"https:\/\/barrek.eu\/hr\/#organization"},"potentialAction":[{"@type":"SearchAction","target":{"@type":"EntryPoint","urlTemplate":"https:\/\/barrek.eu\/hr\/?s={search_term_string}"},"query-input":{"@type":"PropertyValueSpecification","valueRequired":true,"valueName":"search_term_string"}}],"inLanguage":"hr"},{"@type":"Organization","@id":"https:\/\/barrek.eu\/hr\/#organization","name":"BARREK Group","url":"https:\/\/barrek.eu\/hr\/","logo":{"@type":"ImageObject","inLanguage":"hr","@id":"https:\/\/barrek.eu\/hr\/#\/schema\/logo\/image\/","url":"https:\/\/barrek.eu\/wp-content\/uploads\/2024\/08\/BARREK-Group-logo.png","contentUrl":"https:\/\/barrek.eu\/wp-content\/uploads\/2024\/08\/BARREK-Group-logo.png","width":862,"height":322,"caption":"BARREK Group"},"image":{"@id":"https:\/\/barrek.eu\/hr\/#\/schema\/logo\/image\/"}}]}},"_links":{"self":[{"href":"https:\/\/barrek.eu\/hr\/wp-json\/wp\/v2\/pages\/898","targetHints":{"allow":["GET"]}}],"collection":[{"href":"https:\/\/barrek.eu\/hr\/wp-json\/wp\/v2\/pages"}],"about":[{"href":"https:\/\/barrek.eu\/hr\/wp-json\/wp\/v2\/types\/page"}],"author":[{"embeddable":true,"href":"https:\/\/barrek.eu\/hr\/wp-json\/wp\/v2\/users\/1"}],"replies":[{"embeddable":true,"href":"https:\/\/barrek.eu\/hr\/wp-json\/wp\/v2\/comments?post=898"}],"version-history":[{"count":13,"href":"https:\/\/barrek.eu\/hr\/wp-json\/wp\/v2\/pages\/898\/revisions"}],"predecessor-version":[{"id":936,"href":"https:\/\/barrek.eu\/hr\/wp-json\/wp\/v2\/pages\/898\/revisions\/936"}],"wp:attachment":[{"href":"https:\/\/barrek.eu\/hr\/wp-json\/wp\/v2\/media?parent=898"}],"curies":[{"name":"wp","href":"https:\/\/api.w.org\/{rel}","templated":true}]}}